{"id":316,"date":"2024-08-15T08:33:30","date_gmt":"2024-08-15T07:33:30","guid":{"rendered":"https:\/\/lionsclubmaastricht.nl\/?page_id=316"},"modified":"2024-08-18T09:46:52","modified_gmt":"2024-08-18T08:46:52","slug":"2022-2","status":"publish","type":"page","link":"https:\/\/lionsclubmaastricht.nl\/?page_id=316","title":{"rendered":"2022"},"content":{"rendered":"\n<p>Financi\u00eble stukken van het jaar 2022:<\/p>\n\n\n\n<p><a href=\"https:\/\/lionsclubmaastricht.nl\/wp-content\/uploads\/2024\/08\/Jaaroverzicht-financien-spaarrekening-2022.pdf\" data-type=\"attachment\" data-id=\"334\">Jaaroverzicht financi\u00ebn spaarrekening<\/a><\/p>\n\n\n\n<p><a href=\"https:\/\/lionsclubmaastricht.nl\/wp-content\/uploads\/2024\/08\/Jaaroverzicht-financien-betaalrekening-2022.pdf\" data-type=\"attachment\" data-id=\"333\">Jaaroverzicht financi\u00ebn betaalrekening<\/a><\/p>\n\n\n\n<p><a href=\"https:\/\/lionsclubmaastricht.nl\/wp-content\/uploads\/2024\/08\/Afschrift-spaarrekening-2022.pdf\" data-type=\"attachment\" data-id=\"331\">Afschrift spaarrekening<\/a><\/p>\n\n\n\n<p><a href=\"https:\/\/lionsclubmaastricht.nl\/wp-content\/uploads\/2024\/08\/Afschrift-betaalrekening-2022.pdf\" data-type=\"attachment\" data-id=\"329\">Afschrift betaalrekening<\/a><\/p>\n","protected":false},"excerpt":{"rendered":"<p>Financi\u00eble stukken van het jaar 2022: Jaaroverzicht financi\u00ebn spaarrekening Jaaroverzicht financi\u00ebn betaalrekening Afschrift spaarrekening Afschrift betaalrekening<\/p>\n","protected":false},"author":2,"featured_media":0,"parent":23,"menu_order":4,"comment_status":"closed","ping_status":"closed","template":"","meta":{"saved_in_kubio":false,"footnotes":""},"class_list":["post-316","page","type-page","status-publish","hentry"],"kubio_ai_page_context":{"short_desc":"","purpose":"general"},"_links":{"self":[{"href":"https:\/\/lionsclubmaastricht.nl\/index.php?rest_route=\/wp\/v2\/pages\/316","targetHints":{"allow":["GET"]}}],"collection":[{"href":"https:\/\/lionsclubmaastricht.nl\/index.php?rest_route=\/wp\/v2\/pages"}],"about":[{"href":"https:\/\/lionsclubmaastricht.nl\/index.php?rest_route=\/wp\/v2\/types\/page"}],"author":[{"embeddable":true,"href":"https:\/\/lionsclubmaastricht.nl\/index.php?rest_route=\/wp\/v2\/users\/2"}],"replies":[{"embeddable":true,"href":"https:\/\/lionsclubmaastricht.nl\/index.php?rest_route=%2Fwp%2Fv2%2Fcomments&post=316"}],"version-history":[{"count":3,"href":"https:\/\/lionsclubmaastricht.nl\/index.php?rest_route=\/wp\/v2\/pages\/316\/revisions"}],"predecessor-version":[{"id":340,"href":"https:\/\/lionsclubmaastricht.nl\/index.php?rest_route=\/wp\/v2\/pages\/316\/revisions\/340"}],"up":[{"embeddable":true,"href":"https:\/\/lionsclubmaastricht.nl\/index.php?rest_route=\/wp\/v2\/pages\/23"}],"wp:attachment":[{"href":"https:\/\/lionsclubmaastricht.nl\/index.php?rest_route=%2Fwp%2Fv2%2Fmedia&parent=316"}],"curies":[{"name":"wp","href":"https:\/\/api.w.org\/{rel}","templated":true}]}}